{"id":1047,"date":"2023-03-02T10:13:45","date_gmt":"2023-03-02T09:13:45","guid":{"rendered":"https:\/\/caid-conference.eu\/?page_id=1047"},"modified":"2026-04-23T15:27:41","modified_gmt":"2026-04-23T13:27:41","slug":"appel-a-soumission","status":"publish","type":"page","link":"https:\/\/caid-conference.eu\/en\/appel-a-soumission\/","title":{"rendered":"Call for papers"},"content":{"rendered":"<div data-elementor-type=\"wp-page\" data-elementor-id=\"1047\" class=\"elementor elementor-1047\">\n\t\t\t\t\t\t\t\t\t<section class=\"elementor-section elementor-top-section elementor-element elementor-element-062f545 elementor-section-boxed elementor-section-height-default elementor-section-height-default\" data-id=\"062f545\" data-element_type=\"section\">\n\t\t\t\t\t\t<div class=\"elementor-container elementor-column-gap-default\">\n\t\t\t\t\t<div class=\"elementor-column elementor-col-100 elementor-top-column elementor-element elementor-element-af811d3\" data-id=\"af811d3\" data-element_type=\"column\">\n\t\t\t<div class=\"elementor-widget-wrap elementor-element-populated\">\n\t\t\t\t\t\t\t\t<div class=\"elementor-element elementor-element-afb6937 elementor-widget elementor-widget-spacer\" data-id=\"afb6937\" data-element_type=\"widget\" data-widget_type=\"spacer.default\">\n\t\t\t\t<div class=\"elementor-widget-container\">\n\t\t\t<style>\/*! elementor - v3.11.2 - 22-02-2023 *\/\n.elementor-column .elementor-spacer-inner{height:var(--spacer-size)}.e-con{--container-widget-width:100%}.e-con-inner>.elementor-widget-spacer,.e-con>.elementor-widget-spacer{width:var(--container-widget-width,var(--spacer-size));--align-self:var(--container-widget-align-self,initial);--flex-shrink:0}.e-con-inner>.elementor-widget-spacer>.elementor-widget-container,.e-con-inner>.elementor-widget-spacer>.elementor-widget-container>.elementor-spacer,.e-con>.elementor-widget-spacer>.elementor-widget-container,.e-con>.elementor-widget-spacer>.elementor-widget-container>.elementor-spacer{height:100%}.e-con-inner>.elementor-widget-spacer>.elementor-widget-container>.elementor-spacer>.elementor-spacer-inner,.e-con>.elementor-widget-spacer>.elementor-widget-container>.elementor-spacer>.elementor-spacer-inner{height:var(--container-widget-height,var(--spacer-size))}<\/style>\t\t<div class=\"elementor-spacer\">\n\t\t\t<div class=\"elementor-spacer-inner\"><\/div>\n\t\t<\/div>\n\t\t\t\t<\/div>\n\t\t\t\t<\/div>\n\t\t\t\t<div class=\"elementor-element elementor-element-f2c1ccb elementor-widget elementor-widget-heading\" data-id=\"f2c1ccb\" data-element_type=\"widget\" data-widget_type=\"heading.default\">\n\t\t\t\t<div class=\"elementor-widget-container\">\n\t\t\t<style>\/*! elementor - v3.11.2 - 22-02-2023 *\/\n.elementor-heading-title{padding:0;margin:0;line-height:1}.elementor-widget-heading .elementor-heading-title[class*=elementor-size-]>a{color:inherit;font-size:inherit;line-height:inherit}.elementor-widget-heading .elementor-heading-title.elementor-size-small{font-size:15px}.elementor-widget-heading .elementor-heading-title.elementor-size-medium{font-size:19px}.elementor-widget-heading .elementor-heading-title.elementor-size-large{font-size:29px}.elementor-widget-heading .elementor-heading-title.elementor-size-xl{font-size:39px}.elementor-widget-heading .elementor-heading-title.elementor-size-xxl{font-size:59px}<\/style><h3 class=\"elementor-heading-title elementor-size-default\">The Conference<\/h3>\t\t<\/div>\n\t\t\t\t<\/div>\n\t\t\t\t\t<\/div>\n\t\t<\/div>\n\t\t\t\t\t\t\t<\/div>\n\t\t<\/section>\n\t\t\t\t<section class=\"elementor-section elementor-top-section elementor-element elementor-element-a7a79dd elementor-section-boxed elementor-section-height-default elementor-section-height-default\" data-id=\"a7a79dd\" data-element_type=\"section\">\n\t\t\t\t\t\t<div class=\"elementor-container elementor-column-gap-default\">\n\t\t\t\t\t<div class=\"elementor-column elementor-col-100 elementor-top-column elementor-element elementor-element-e77666c\" data-id=\"e77666c\" data-element_type=\"column\">\n\t\t\t<div class=\"elementor-widget-wrap elementor-element-populated\">\n\t\t\t\t\t\t\t\t<div class=\"elementor-element elementor-element-9faf0fb elementor-widget elementor-widget-text-editor\" data-id=\"9faf0fb\" data-element_type=\"widget\" data-widget_type=\"text-editor.default\">\n\t\t\t\t<div class=\"elementor-widget-container\">\n\t\t\t<style>\/*! elementor - v3.11.2 - 22-02-2023 *\/\n.elementor-widget-text-editor.elementor-drop-cap-view-stacked .elementor-drop-cap{background-color:#818a91;color:#fff}.elementor-widget-text-editor.elementor-drop-cap-view-framed .elementor-drop-cap{color:#818a91;border:3px solid;background-color:transparent}.elementor-widget-text-editor:not(.elementor-drop-cap-view-default) .elementor-drop-cap{margin-top:8px}.elementor-widget-text-editor:not(.elementor-drop-cap-view-default) .elementor-drop-cap-letter{width:1em;height:1em}.elementor-widget-text-editor .elementor-drop-cap{float:left;text-align:center;line-height:1;font-size:50px}.elementor-widget-text-editor .elementor-drop-cap-letter{display:inline-block}<\/style>\t\t\t\t<p class=\"p1 translation-block\">The 8th edition of the CAID conference (Conference on Artificial Intelligence for Defence), organized by AMIAD (Ministerial Agency for Defence Artificial Intelligence), will take place on November 17\u201318, 2026, at the Couvent des Jacobins in Rennes, as part of the European Cyber Week.<\/p>\n<p class=\"p1 translation-block\">In a strategic context marked by multi-domain conflict and rapid technological acceleration, the CAID format is evolving: operational challenges and the AI capabilities designed to address them will be at the core of the conference.<\/p>\t\t\t\t\t\t<\/div>\n\t\t\t\t<\/div>\n\t\t\t\t<div class=\"elementor-element elementor-element-6f3d0c2 elementor-widget elementor-widget-spacer\" data-id=\"6f3d0c2\" data-element_type=\"widget\" data-widget_type=\"spacer.default\">\n\t\t\t\t<div class=\"elementor-widget-container\">\n\t\t\t\t\t<div class=\"elementor-spacer\">\n\t\t\t<div class=\"elementor-spacer-inner\"><\/div>\n\t\t<\/div>\n\t\t\t\t<\/div>\n\t\t\t\t<\/div>\n\t\t\t\t\t<\/div>\n\t\t<\/div>\n\t\t\t\t\t\t\t<\/div>\n\t\t<\/section>\n\t\t\t\t<section class=\"elementor-section elementor-top-section elementor-element elementor-element-f8e0a12 elementor-section-boxed elementor-section-height-default elementor-section-height-default\" data-id=\"f8e0a12\" data-element_type=\"section\">\n\t\t\t\t\t\t<div class=\"elementor-container elementor-column-gap-default\">\n\t\t\t\t\t<div class=\"elementor-column elementor-col-100 elementor-top-column elementor-element elementor-element-cd22276\" data-id=\"cd22276\" data-element_type=\"column\">\n\t\t\t<div class=\"elementor-widget-wrap elementor-element-populated\">\n\t\t\t\t\t\t\t\t<div class=\"elementor-element elementor-element-07cd16e elementor-widget elementor-widget-heading\" data-id=\"07cd16e\" data-element_type=\"widget\" data-widget_type=\"heading.default\">\n\t\t\t\t<div class=\"elementor-widget-container\">\n\t\t\t<h3 class=\"elementor-heading-title elementor-size-default\">A Conference Aligned with Operational Needs\n<\/h3>\t\t<\/div>\n\t\t\t\t<\/div>\n\t\t\t\t\t<\/div>\n\t\t<\/div>\n\t\t\t\t\t\t\t<\/div>\n\t\t<\/section>\n\t\t\t\t<section class=\"elementor-section elementor-top-section elementor-element elementor-element-b1b5d24 elementor-section-boxed elementor-section-height-default elementor-section-height-default\" data-id=\"b1b5d24\" data-element_type=\"section\">\n\t\t\t\t\t\t<div class=\"elementor-container elementor-column-gap-default\">\n\t\t\t\t\t<div class=\"elementor-column elementor-col-100 elementor-top-column elementor-element elementor-element-f6e1e02\" data-id=\"f6e1e02\" data-element_type=\"column\">\n\t\t\t<div class=\"elementor-widget-wrap elementor-element-populated\">\n\t\t\t\t\t\t\t\t<div class=\"elementor-element elementor-element-d24eb32 elementor-widget elementor-widget-text-editor\" data-id=\"d24eb32\" data-element_type=\"widget\" data-widget_type=\"text-editor.default\">\n\t\t\t\t<div class=\"elementor-widget-container\">\n\t\t\t\t\t\t\t<p><!-- wp:paragraph --><\/p>\n<p class=\"translation-block\">Structured around major domains \u2014 Air &amp; Space, Land, Sea, Cyber \u2014 the conference will feature:<\/p>\n<ul>\n<li style=\"font-weight: 400;\" aria-level=\"1\" class=\"translation-block\">keynotes delivered by representatives from the armed forces and military staffs;<\/li>\n<li style=\"font-weight: 400;\" aria-level=\"1\" class=\"translation-block\">panel discussions involving industry, academia, government stakeholders, and the armed forces;<\/li>\n<li style=\"font-weight: 400;\" aria-level=\"1\" class=\"translation-block\">technical presentations selected through this call for papers.<\/li>\n<\/ul>\n<p class=\"translation-block\">A special session will be dedicated to cross-cutting topics: command &amp; control (C2) and risk management related to AI (and data).<\/p>\n<p class=\"translation-block\">The objective is clear: to accelerate the deployment of state-of-the-art AI technologies by fostering direct exchanges between operational end-users and solution developers.<\/p>\n<p><!-- \/wp:paragraph --><\/p>\t\t\t\t\t\t<\/div>\n\t\t\t\t<\/div>\n\t\t\t\t<div class=\"elementor-element elementor-element-1351a86 elementor-widget elementor-widget-spacer\" data-id=\"1351a86\" data-element_type=\"widget\" data-widget_type=\"spacer.default\">\n\t\t\t\t<div class=\"elementor-widget-container\">\n\t\t\t\t\t<div class=\"elementor-spacer\">\n\t\t\t<div class=\"elementor-spacer-inner\"><\/div>\n\t\t<\/div>\n\t\t\t\t<\/div>\n\t\t\t\t<\/div>\n\t\t\t\t\t<\/div>\n\t\t<\/div>\n\t\t\t\t\t\t\t<\/div>\n\t\t<\/section>\n\t\t\t\t<section class=\"elementor-section elementor-top-section elementor-element elementor-element-a1206c7 elementor-section-boxed elementor-section-height-default elementor-section-height-default\" data-id=\"a1206c7\" data-element_type=\"section\">\n\t\t\t\t\t\t<div class=\"elementor-container elementor-column-gap-default\">\n\t\t\t\t\t<div class=\"elementor-column elementor-col-100 elementor-top-column elementor-element elementor-element-bd89b77\" data-id=\"bd89b77\" data-element_type=\"column\">\n\t\t\t<div class=\"elementor-widget-wrap elementor-element-populated\">\n\t\t\t\t\t\t\t\t<div class=\"elementor-element elementor-element-f42d8d4 elementor-widget elementor-widget-heading\" data-id=\"f42d8d4\" data-element_type=\"widget\" data-widget_type=\"heading.default\">\n\t\t\t\t<div class=\"elementor-widget-container\">\n\t\t\t<h3 class=\"elementor-heading-title elementor-size-default\">Focus on Operational Needs and Challenges<\/h3>\t\t<\/div>\n\t\t\t\t<\/div>\n\t\t\t\t\t<\/div>\n\t\t<\/div>\n\t\t\t\t\t\t\t<\/div>\n\t\t<\/section>\n\t\t\t\t<section class=\"elementor-section elementor-top-section elementor-element elementor-element-ed3443b elementor-section-boxed elementor-section-height-default elementor-section-height-default\" data-id=\"ed3443b\" data-element_type=\"section\">\n\t\t\t\t\t\t<div class=\"elementor-container elementor-column-gap-default\">\n\t\t\t\t\t<div class=\"elementor-column elementor-col-100 elementor-top-column elementor-element elementor-element-6116d65\" data-id=\"6116d65\" data-element_type=\"column\">\n\t\t\t<div class=\"elementor-widget-wrap elementor-element-populated\">\n\t\t\t\t\t\t\t\t<div class=\"elementor-element elementor-element-d707312 elementor-widget elementor-widget-text-editor\" data-id=\"d707312\" data-element_type=\"widget\" data-widget_type=\"text-editor.default\">\n\t\t\t\t<div class=\"elementor-widget-container\">\n\t\t\t\t\t\t\t<p><!-- wp:paragraph --><\/p>\n<p class=\"p1\"><span class=\"s1\">This edition will bring together numerous representatives from the armed forces across all services, offering opportunities to present work and engage directly with them. CAID provides an ideal framework for:<\/span><\/p>\n<ul class=\"ul1\">\n<li class=\"li1 translation-block\">engaging with the armed forces on their needs and priorities;<\/li>\n<li class=\"li1 translation-block\">collecting operational feedback;<\/li>\n<li class=\"li1 translation-block\">identifying opportunities for experimentation;<\/li>\n<li class=\"li1 translation-block\">discussing conditions for capability integration.<\/li>\n<\/ul>\n<p class=\"p1 translation-block\">Furthermore, CAID 2026 takes a new step forward with a fully English format, reinforcing its international ambition and encouraging participation from foreign partners and speakers.<\/p>\n<p><!-- \/wp:paragraph --><\/p>\t\t\t\t\t\t<\/div>\n\t\t\t\t<\/div>\n\t\t\t\t<div class=\"elementor-element elementor-element-20917e4 elementor-widget elementor-widget-spacer\" data-id=\"20917e4\" data-element_type=\"widget\" data-widget_type=\"spacer.default\">\n\t\t\t\t<div class=\"elementor-widget-container\">\n\t\t\t\t\t<div class=\"elementor-spacer\">\n\t\t\t<div class=\"elementor-spacer-inner\"><\/div>\n\t\t<\/div>\n\t\t\t\t<\/div>\n\t\t\t\t<\/div>\n\t\t\t\t\t<\/div>\n\t\t<\/div>\n\t\t\t\t\t\t\t<\/div>\n\t\t<\/section>\n\t\t\t\t<section class=\"elementor-section elementor-top-section elementor-element elementor-element-b55ad6f elementor-section-boxed elementor-section-height-default elementor-section-height-default\" data-id=\"b55ad6f\" data-element_type=\"section\">\n\t\t\t\t\t\t<div class=\"elementor-container elementor-column-gap-default\">\n\t\t\t\t\t<div class=\"elementor-column elementor-col-100 elementor-top-column elementor-element elementor-element-4dd6625\" data-id=\"4dd6625\" data-element_type=\"column\">\n\t\t\t<div class=\"elementor-widget-wrap elementor-element-populated\">\n\t\t\t\t\t\t\t\t<div class=\"elementor-element elementor-element-165a4d9 elementor-widget elementor-widget-heading\" data-id=\"165a4d9\" data-element_type=\"widget\" data-widget_type=\"heading.default\">\n\t\t\t\t<div class=\"elementor-widget-container\">\n\t\t\t<h3 class=\"elementor-heading-title elementor-size-default\">Topics of Interest<\/h3>\t\t<\/div>\n\t\t\t\t<\/div>\n\t\t\t\t\t<\/div>\n\t\t<\/div>\n\t\t\t\t\t\t\t<\/div>\n\t\t<\/section>\n\t\t\t\t<section class=\"elementor-section elementor-top-section elementor-element elementor-element-3562b1a elementor-section-boxed elementor-section-height-default elementor-section-height-default\" data-id=\"3562b1a\" data-element_type=\"section\">\n\t\t\t\t\t\t<div class=\"elementor-container elementor-column-gap-default\">\n\t\t\t\t\t<div class=\"elementor-column elementor-col-100 elementor-top-column elementor-element elementor-element-765f84d\" data-id=\"765f84d\" data-element_type=\"column\">\n\t\t\t<div class=\"elementor-widget-wrap elementor-element-populated\">\n\t\t\t\t\t\t\t\t<div class=\"elementor-element elementor-element-d4a6553 elementor-widget elementor-widget-text-editor\" data-id=\"d4a6553\" data-element_type=\"widget\" data-widget_type=\"text-editor.default\">\n\t\t\t\t<div class=\"elementor-widget-container\">\n\t\t\t\t\t\t\t<p><!-- wp:paragraph --><\/p>\n<p class=\"p1\"><span class=\"s1\">Submissions should clearly describe:<\/span><\/p>\n<ul class=\"ul1\">\n<li class=\"li1 translation-block\">the use case;<\/li>\n<li class=\"li1 translation-block\">the proposed AI approach;<\/li>\n<li class=\"li1 translation-block\">the maturity level;<\/li>\n<li class=\"li1 translation-block\">deployment perspectives.<\/li>\n<\/ul>\n<p class=\"p1\"><span class=\"s1\">Technologies initially developed for civilian applications that can be adapted to military use cases are also welcome.\u00a0<\/span><\/p>\n<p class=\"p1\"><span class=\"s1\">Contributions may include (but are not limited to):<\/span><\/p>\n<ul class=\"ul1\">\n<li class=\"li1\"><span class=\"s1\">decision support and command assistance<\/span><\/li>\n<li class=\"li1\"><span class=\"s1\">multi-sensor data processing and fusion<\/span><\/li>\n<li class=\"li1\"><span class=\"s1\">autonomy and robotic systems<\/span><\/li>\n<li class=\"li1\"><span class=\"s1\">mission planning and optimization<\/span><\/li>\n<li class=\"li1\"><span class=\"s1\">multi-source intelligence<\/span><\/li>\n<li class=\"li1\"><span class=\"s1\">cyber defense and automation<\/span><\/li>\n<li class=\"li1\"><span class=\"s1\">human\u2013machine interaction<\/span><\/li>\n<li class=\"li1\"><span class=\"s1\">embedded and frugal AI<\/span><\/li>\n<li class=\"li1\"><span class=\"s1\">resilience in contested environments<\/span><\/li>\n<li class=\"li1\"><span class=\"s1\">verification, validation, and trustworthy AI<\/span><\/li>\n<\/ul>\n<p class=\"p1\"><span class=\"s1\">Submissions presenting applied results, demonstrators, or feedback from real-world deployments are strongly encouraged.<\/span><\/p>\n<p><!-- \/wp:paragraph --><\/p>\t\t\t\t\t\t<\/div>\n\t\t\t\t<\/div>\n\t\t\t\t<div class=\"elementor-element elementor-element-33f6e9a elementor-widget elementor-widget-spacer\" data-id=\"33f6e9a\" data-element_type=\"widget\" data-widget_type=\"spacer.default\">\n\t\t\t\t<div class=\"elementor-widget-container\">\n\t\t\t\t\t<div class=\"elementor-spacer\">\n\t\t\t<div class=\"elementor-spacer-inner\"><\/div>\n\t\t<\/div>\n\t\t\t\t<\/div>\n\t\t\t\t<\/div>\n\t\t\t\t\t<\/div>\n\t\t<\/div>\n\t\t\t\t\t\t\t<\/div>\n\t\t<\/section>\n\t\t\t\t<section class=\"elementor-section elementor-top-section elementor-element elementor-element-7013722 elementor-section-boxed elementor-section-height-default elementor-section-height-default\" data-id=\"7013722\" data-element_type=\"section\">\n\t\t\t\t\t\t<div class=\"elementor-container elementor-column-gap-default\">\n\t\t\t\t\t<div class=\"elementor-column elementor-col-100 elementor-top-column elementor-element elementor-element-f264791\" data-id=\"f264791\" data-element_type=\"column\">\n\t\t\t<div class=\"elementor-widget-wrap elementor-element-populated\">\n\t\t\t\t\t\t\t\t<div class=\"elementor-element elementor-element-c4a9b88 elementor-widget elementor-widget-heading\" data-id=\"c4a9b88\" data-element_type=\"widget\" data-widget_type=\"heading.default\">\n\t\t\t\t<div class=\"elementor-widget-container\">\n\t\t\t<h3 class=\"elementor-heading-title elementor-size-default\">Submission Guidelines<\/h3>\t\t<\/div>\n\t\t\t\t<\/div>\n\t\t\t\t\t<\/div>\n\t\t<\/div>\n\t\t\t\t\t\t\t<\/div>\n\t\t<\/section>\n\t\t\t\t<section class=\"elementor-section elementor-top-section elementor-element elementor-element-3da68be elementor-section-boxed elementor-section-height-default elementor-section-height-default\" data-id=\"3da68be\" data-element_type=\"section\">\n\t\t\t\t\t\t<div class=\"elementor-container elementor-column-gap-default\">\n\t\t\t\t\t<div class=\"elementor-column elementor-col-100 elementor-top-column elementor-element elementor-element-fda71ec\" data-id=\"fda71ec\" data-element_type=\"column\">\n\t\t\t<div class=\"elementor-widget-wrap elementor-element-populated\">\n\t\t\t\t\t\t\t\t<div class=\"elementor-element elementor-element-709742e elementor-widget elementor-widget-text-editor\" data-id=\"709742e\" data-element_type=\"widget\" data-widget_type=\"text-editor.default\">\n\t\t\t\t<div class=\"elementor-widget-container\">\n\t\t\t\t\t\t\t<ul class=\"ul1\">\n<li class=\"li1 translation-block\"><b><\/b><span class=\"s2\">Format : maximum 2 pages (<a href=\"https:\/\/caid-conference.eu\/wp-content\/uploads\/2026\/04\/template_CAID_2026.pdf\" target=\"_blank\">download template<\/a>)<\/span><\/li>\n<li class=\"li1\"><b><\/b><span class=\"s2\"><b>Evaluation criteria:<\/b> :<\/span><br><ul class=\"ul2\">\n<li class=\"li1 translation-block\">Innovation: originality compared to the state of the art and\/or market<\/li>\n<li class=\"li1 translation-block\">Technological challenges addressed by the project<\/li>\n<li class=\"li1 translation-block\">Benefits for potential end-users<\/li>\n<li class=\"li1 translation-block\">Defence relevance and operational significance<\/li>\n<\/ul>\n<\/li>\n<li class=\"li1 translation-block\">Language: English or French<\/li>\n<li class=\"li1 translation-block\">Submission: send by email to amiad-conference-caid.contact.fct@intradef.gouv.fr before August 28, 2026<\/li>\n<\/ul>\n<p class=\"p1 translation-block\">Accepted contributions will be presented either as oral presentations or posters during the conference. They may also be featured on the conference website through a 2-page article.<\/p>\t\t\t\t\t\t<\/div>\n\t\t\t\t<\/div>\n\t\t\t\t<div class=\"elementor-element elementor-element-84ac245 elementor-widget elementor-widget-spacer\" data-id=\"84ac245\" data-element_type=\"widget\" data-widget_type=\"spacer.default\">\n\t\t\t\t<div class=\"elementor-widget-container\">\n\t\t\t\t\t<div class=\"elementor-spacer\">\n\t\t\t<div class=\"elementor-spacer-inner\"><\/div>\n\t\t<\/div>\n\t\t\t\t<\/div>\n\t\t\t\t<\/div>\n\t\t\t\t\t<\/div>\n\t\t<\/div>\n\t\t\t\t\t\t\t<\/div>\n\t\t<\/section>\n\t\t\t\t<section class=\"elementor-section elementor-top-section elementor-element elementor-element-e1de0b9 elementor-section-boxed elementor-section-height-default elementor-section-height-default\" data-id=\"e1de0b9\" data-element_type=\"section\">\n\t\t\t\t\t\t<div class=\"elementor-container elementor-column-gap-default\">\n\t\t\t\t\t<div class=\"elementor-column elementor-col-100 elementor-top-column elementor-element elementor-element-53a6783\" data-id=\"53a6783\" data-element_type=\"column\">\n\t\t\t<div class=\"elementor-widget-wrap elementor-element-populated\">\n\t\t\t\t\t\t\t\t<div class=\"elementor-element elementor-element-ffcadf2 elementor-widget elementor-widget-heading\" data-id=\"ffcadf2\" data-element_type=\"widget\" data-widget_type=\"heading.default\">\n\t\t\t\t<div class=\"elementor-widget-container\">\n\t\t\t<h3 class=\"elementor-heading-title elementor-size-default\">Calendar<\/h3>\t\t<\/div>\n\t\t\t\t<\/div>\n\t\t\t\t\t<\/div>\n\t\t<\/div>\n\t\t\t\t\t\t\t<\/div>\n\t\t<\/section>\n\t\t\t\t<section class=\"elementor-section elementor-top-section elementor-element elementor-element-baa8da3 elementor-section-boxed elementor-section-height-default elementor-section-height-default\" data-id=\"baa8da3\" data-element_type=\"section\">\n\t\t\t\t\t\t<div class=\"elementor-container elementor-column-gap-default\">\n\t\t\t\t\t<div class=\"elementor-column elementor-col-100 elementor-top-column elementor-element elementor-element-7d6d4d3\" data-id=\"7d6d4d3\" data-element_type=\"column\">\n\t\t\t<div class=\"elementor-widget-wrap elementor-element-populated\">\n\t\t\t\t\t\t\t\t<div class=\"elementor-element elementor-element-350e72e elementor-widget elementor-widget-text-editor\" data-id=\"350e72e\" data-element_type=\"widget\" data-widget_type=\"text-editor.default\">\n\t\t\t\t<div class=\"elementor-widget-container\">\n\t\t\t\t\t\t\t<table>\n<tbody>\n<tr>\n<td>\n<p><span style=\"font-weight: 400;\">Submission Deadline&nbsp;<\/span><\/p>\n<\/td>\n<td>\n<p><span style=\"font-weight: 400;\">August 28, 2026<\/span><\/p>\n<\/td>\n<\/tr>\n<tr>\n<td>\n<p><span style=\"font-weight: 400;\">Author Notification<\/span><\/p>\n<\/td>\n<td>\n<p><span style=\"font-weight: 400;\">Setpember 27, 2026<\/span><\/p>\n<\/td>\n<\/tr>\n<tr>\n<td>\n<p><span style=\"font-weight: 400;\">Presentation Materials Submission Deadline<\/span><\/p>\n<\/td>\n<td>\n<p>November 8, 2026<\/p>\n<\/td>\n<\/tr>\n<\/tbody>\n<\/table>\t\t\t\t\t\t<\/div>\n\t\t\t\t<\/div>\n\t\t\t\t<div class=\"elementor-element elementor-element-6c7c398 elementor-widget elementor-widget-spacer\" data-id=\"6c7c398\" data-element_type=\"widget\" data-widget_type=\"spacer.default\">\n\t\t\t\t<div class=\"elementor-widget-container\">\n\t\t\t\t\t<div class=\"elementor-spacer\">\n\t\t\t<div class=\"elementor-spacer-inner\"><\/div>\n\t\t<\/div>\n\t\t\t\t<\/div>\n\t\t\t\t<\/div>\n\t\t\t\t\t<\/div>\n\t\t<\/div>\n\t\t\t\t\t\t\t<\/div>\n\t\t<\/section>\n\t\t\t\t\t\t\t<\/div>","protected":false},"excerpt":{"rendered":"<p>La conf\u00e9rence CAID La 8\u1d49 \u00e9dition de la conf\u00e9rence CAID (Conference on Artificial Intelligence for Defence), organis\u00e9e par l\u2019AMIAD (Agence Minist\u00e9rielle pour l\u2019Intelligence Artificielle de D\u00e9fense), se tiendra les 17 et 18 novembre 2026 au Couvent des Jacobins, \u00e0 Rennes, dans le cadre de la European Cyber Week. Dans un contexte strat\u00e9gique marqu\u00e9 par la [&hellip;]<\/p>","protected":false},"author":1,"featured_media":0,"parent":0,"menu_order":0,"comment_status":"closed","ping_status":"closed","template":"","meta":{"site-sidebar-layout":"default","site-content-layout":"","ast-site-content-layout":"","site-content-style":"default","site-sidebar-style":"default","ast-global-header-display":"","ast-banner-title-visibility":"","ast-main-header-display":"","ast-hfb-above-header-display":"","ast-hfb-below-header-display":"","ast-hfb-mobile-header-display":"","site-post-title":"","ast-breadcrumbs-content":"","ast-featured-img":"","footer-sml-layout":"","theme-transparent-header-meta":"","adv-header-id-meta":"","stick-header-meta":"","header-above-stick-meta":"","header-main-stick-meta":"","header-below-stick-meta":"","astra-migrate-meta-layouts":"default","ast-page-background-enabled":"default","ast-page-background-meta":{"desktop":{"background-color":"var(--ast-global-color-4)","background-image":"","background-repeat":"repeat","background-position":"center center","background-size":"auto","background-attachment":"scroll","background-type":"","background-media":"","overlay-type":"","overlay-color":"","overlay-opacity":"","overlay-gradient":""},"tablet":{"background-color":"","background-image":"","background-repeat":"repeat","background-position":"center center","background-size":"auto","background-attachment":"scroll","background-type":"","background-media":"","overlay-type":"","overlay-color":"","overlay-opacity":"","overlay-gradient":""},"mobile":{"background-color":"","background-image":"","background-repeat":"repeat","background-position":"center center","background-size":"auto","background-attachment":"scroll","background-type":"","background-media":"","overlay-type":"","overlay-color":"","overlay-opacity":"","overlay-gradient":""}},"ast-content-background-meta":{"desktop":{"background-color":"var(--ast-global-color-5)","background-image":"","background-repeat":"repeat","background-position":"center center","background-size":"auto","background-attachment":"scroll","background-type":"","background-media":"","overlay-type":"","overlay-color":"","overlay-opacity":"","overlay-gradient":""},"tablet":{"background-color":"var(--ast-global-color-5)","background-image":"","background-repeat":"repeat","background-position":"center center","background-size":"auto","background-attachment":"scroll","background-type":"","background-media":"","overlay-type":"","overlay-color":"","overlay-opacity":"","overlay-gradient":""},"mobile":{"background-color":"var(--ast-global-color-5)","background-image":"","background-repeat":"repeat","background-position":"center center","background-size":"auto","background-attachment":"scroll","background-type":"","background-media":"","overlay-type":"","overlay-color":"","overlay-opacity":"","overlay-gradient":""}}},"_links":{"self":[{"href":"https:\/\/caid-conference.eu\/en\/wp-json\/wp\/v2\/pages\/1047"}],"collection":[{"href":"https:\/\/caid-conference.eu\/en\/wp-json\/wp\/v2\/pages"}],"about":[{"href":"https:\/\/caid-conference.eu\/en\/wp-json\/wp\/v2\/types\/page"}],"author":[{"embeddable":true,"href":"https:\/\/caid-conference.eu\/en\/wp-json\/wp\/v2\/users\/1"}],"replies":[{"embeddable":true,"href":"https:\/\/caid-conference.eu\/en\/wp-json\/wp\/v2\/comments?post=1047"}],"version-history":[{"count":185,"href":"https:\/\/caid-conference.eu\/en\/wp-json\/wp\/v2\/pages\/1047\/revisions"}],"predecessor-version":[{"id":2134,"href":"https:\/\/caid-conference.eu\/en\/wp-json\/wp\/v2\/pages\/1047\/revisions\/2134"}],"wp:attachment":[{"href":"https:\/\/caid-conference.eu\/en\/wp-json\/wp\/v2\/media?parent=1047"}],"curies":[{"name":"wp","href":"https:\/\/api.w.org\/{rel}","templated":true}]}}